{"id":567,"date":"2023-02-02T16:50:55","date_gmt":"2023-02-02T16:50:55","guid":{"rendered":"http:\/\/jonelarrea.eus\/?page_id=567"},"modified":"2023-02-05T19:33:16","modified_gmt":"2023-02-05T19:33:16","slug":"citas","status":"publish","type":"page","link":"https:\/\/jonelarrea.eus\/es\/citas\/","title":{"rendered":"Citas"},"content":{"rendered":"\n<div class=\"wp-block-columns has-tertiary-color has-text-color has-medium-font-size is-layout-flex wp-container-core-columns-is-layout-1 wp-block-columns-is-layout-flex\" style=\"padding-top:0;padding-right:0;padding-bottom:0;padding-left:0\">\n<div class=\"wp-block-column has-background is-layout-flow wp-block-column-is-layout-flow\" style=\"background-color:#ba4e765e;padding-top:var(--wp--preset--spacing--30);padding-right:var(--wp--preset--spacing--30);padding-bottom:var(--wp--preset--spacing--30);padding-left:var(--wp--preset--spacing--30);flex-basis:100%\">\n<h2 class=\"wp-block-heading has-background-color has-text-color has-system-font-font-family has-x-large-font-size\" id=\"cita\" style=\"font-style:normal;font-weight:300\">Pedir cita<\/h2>\n\n\n\n<hr class=\"wp-block-separator has-text-color has-background-color has-alpha-channel-opacity has-background-background-color has-background is-style-wide\"\/>\n\n\n<script type=\"text\/javascript\">var gform;gform||(document.addEventListener(\"gform_main_scripts_loaded\",function(){gform.scriptsLoaded=!0}),window.addEventListener(\"DOMContentLoaded\",function(){gform.domLoaded=!0}),gform={domLoaded:!1,scriptsLoaded:!1,initializeOnLoaded:function(o){gform.domLoaded&&gform.scriptsLoaded?o():!gform.domLoaded&&gform.scriptsLoaded?window.addEventListener(\"DOMContentLoaded\",o):document.addEventListener(\"gform_main_scripts_loaded\",o)},hooks:{action:{},filter:{}},addAction:function(o,n,r,t){gform.addHook(\"action\",o,n,r,t)},addFilter:function(o,n,r,t){gform.addHook(\"filter\",o,n,r,t)},doAction:function(o){gform.doHook(\"action\",o,arguments)},applyFilters:function(o){return gform.doHook(\"filter\",o,arguments)},removeAction:function(o,n){gform.removeHook(\"action\",o,n)},removeFilter:function(o,n,r){gform.removeHook(\"filter\",o,n,r)},addHook:function(o,n,r,t,i){null==gform.hooks[o][n]&&(gform.hooks[o][n]=[]);var e=gform.hooks[o][n];null==i&&(i=n+\"_\"+e.length),gform.hooks[o][n].push({tag:i,callable:r,priority:t=null==t?10:t})},doHook:function(n,o,r){var t;if(r=Array.prototype.slice.call(r,1),null!=gform.hooks[n][o]&&((o=gform.hooks[n][o]).sort(function(o,n){return o.priority-n.priority}),o.forEach(function(o){\"function\"!=typeof(t=o.callable)&&(t=window[t]),\"action\"==n?t.apply(null,r):r[0]=t.apply(null,r)})),\"filter\"==n)return r[0]},removeHook:function(o,n,t,i){var r;null!=gform.hooks[o][n]&&(r=(r=gform.hooks[o][n]).filter(function(o,n,r){return!!(null!=i&&i!=o.tag||null!=t&&t!=o.priority)}),gform.hooks[o][n]=r)}});<\/script>\n                <div class='gf_browser_gecko gform_wrapper gravity-theme' id='gform_wrapper_4' >\n                        <div class='gform_heading'>\n                            <span class='gform_description'><\/span>\n                        <\/div><form method='post' enctype='multipart\/form-data'  id='gform_4'  action='\/es\/wp-json\/wp\/v2\/pages\/567' >\n                        <div class='gform_body gform-body'><div id='gform_fields_4' class='gform_fields top_label form_sublabel_below description_below'><div id=\"field_4_1\"  class=\"gfield gfield--width-full gfield_html gfield_html_formatted gfield_no_follows_desc field_sublabel_below field_description_below gfield_visibility_visible\"  data-js-reload=\"field_4_1\">Si quieres pedir hora, escribe m\u00e1s abajo tu nombre, tu n\u00famero de tel\u00e9fono y cu\u00e1ndo te viene mejor que te llamemos. <\/div><div id=\"field_4_3\"  class=\"gfield gfield--width-full gfield_contains_required field_sublabel_below field_description_below gfield_visibility_visible\"  data-js-reload=\"field_4_3\"><label class='gfield_label' for='input_4_3' >Escribe tu nombre y apellidos<span class=\"gfield_required\"><span class=\"gfield_required gfield_required_text\">(Obligatorio)<\/span><\/span><\/label><div class='ginput_container ginput_container_text'><input name='input_3' id='input_4_3' type='text' value='' class='large'     aria-required=\"true\" aria-invalid=\"false\"   \/> <\/div><\/div><div id=\"field_4_8\"  class=\"gfield gfield--width-full gfield_contains_required field_sublabel_below field_description_below gfield_visibility_visible\"  data-js-reload=\"field_4_8\"><label class='gfield_label' for='input_4_8' >Escribe tu n\u00famero de tel\u00e9fono<span class=\"gfield_required\"><span class=\"gfield_required gfield_required_text\">(Obligatorio)<\/span><\/span><\/label><div class='ginput_container ginput_container_text'><input name='input_8' id='input_4_8' type='text' value='' class='large'     aria-required=\"true\" aria-invalid=\"false\"   \/> <\/div><\/div><div id=\"field_4_7\"  class=\"gfield gfield--width-full gfield_contains_required field_sublabel_below field_description_below gfield_visibility_visible\"  data-js-reload=\"field_4_7\"><label class='gfield_label' for='input_4_7' >\u00bfQu\u00e9 d\u00edas y a qu\u00e9 horas te viene mejor que te llamemos?<span class=\"gfield_required\"><span class=\"gfield_required gfield_required_text\">(Obligatorio)<\/span><\/span><\/label><div class='ginput_container ginput_container_textarea'><textarea name='input_7' id='input_4_7' class='textarea large'     aria-required=\"true\" aria-invalid=\"false\"   rows='10' cols='50'><\/textarea><\/div><\/div><\/div><\/div>\n        <div class='gform_footer top_label'> <input type='submit' id='gform_submit_button_4' class='gform_button button' value='Enviar los datos'  onclick='if(window[\"gf_submitting_4\"]){return false;}  window[\"gf_submitting_4\"]=true;  ' onkeypress='if( event.keyCode == 13 ){ if(window[\"gf_submitting_4\"]){return false;} window[\"gf_submitting_4\"]=true;  jQuery(\"#gform_4\").trigger(\"submit\",[true]); }' \/> \n            <input type='hidden' class='gform_hidden' name='is_submit_4' value='1' \/>\n            <input type='hidden' class='gform_hidden' name='gform_submit' value='4' \/>\n            \n            <input type='hidden' class='gform_hidden' name='gform_unique_id' value='' \/>\n            <input type='hidden' class='gform_hidden' name='state_4' value='WyJbXSIsIjU3YTJkZDQ2NzU3YmMwMTY5ZmQ4NDYxNjFhZWVlOGRmIl0=' \/>\n            <input type='hidden' class='gform_hidden' name='gform_target_page_number_4' id='gform_target_page_number_4' value='0' \/>\n            <input type='hidden' class='gform_hidden' name='gform_source_page_number_4' id='gform_source_page_number_4' value='1' \/>\n            <input type='hidden' name='gform_field_values' value='' \/>\n            \n        <\/div>\n                        <\/form>\n                        <\/div><\/div>\n<\/div>\n","protected":false},"excerpt":{"rendered":"<p>Pedir cita<\/p>\n","protected":false},"author":1,"featured_media":0,"parent":0,"menu_order":0,"comment_status":"closed","ping_status":"closed","template":"wp-custom-template-formularioak","meta":{"footnotes":""},"class_list":["post-567","page","type-page","status-publish","hentry"],"_links":{"self":[{"href":"https:\/\/jonelarrea.eus\/es\/wp-json\/wp\/v2\/pages\/567","targetHints":{"allow":["GET"]}}],"collection":[{"href":"https:\/\/jonelarrea.eus\/es\/wp-json\/wp\/v2\/pages"}],"about":[{"href":"https:\/\/jonelarrea.eus\/es\/wp-json\/wp\/v2\/types\/page"}],"author":[{"embeddable":true,"href":"https:\/\/jonelarrea.eus\/es\/wp-json\/wp\/v2\/users\/1"}],"replies":[{"embeddable":true,"href":"https:\/\/jonelarrea.eus\/es\/wp-json\/wp\/v2\/comments?post=567"}],"version-history":[{"count":5,"href":"https:\/\/jonelarrea.eus\/es\/wp-json\/wp\/v2\/pages\/567\/revisions"}],"predecessor-version":[{"id":707,"href":"https:\/\/jonelarrea.eus\/es\/wp-json\/wp\/v2\/pages\/567\/revisions\/707"}],"wp:attachment":[{"href":"https:\/\/jonelarrea.eus\/es\/wp-json\/wp\/v2\/media?parent=567"}],"curies":[{"name":"wp","href":"https:\/\/api.w.org\/{rel}","templated":true}]}}